{"id":2970,"date":"2024-06-21T16:14:32","date_gmt":"2024-06-21T14:14:32","guid":{"rendered":"https:\/\/www.francebikerentals.com\/notre-histoire\/"},"modified":"2024-10-08T11:43:55","modified_gmt":"2024-10-08T09:43:55","slug":"notre-histoire","status":"publish","type":"page","link":"https:\/\/www.francebikerentals.com\/fr\/a-propos\/notre-histoire\/","title":{"rendered":"Notre histoire"},"content":{"rendered":"\t\t<div data-elementor-type=\"wp-page\" data-elementor-id=\"2970\" class=\"elementor elementor-2970 elementor-622\" data-elementor-settings=\"{&quot;ha_cmc_init_switcher&quot;:&quot;no&quot;}\" data-elementor-post-type=\"page\">\n\t\t\t\t<div class=\"elementor-element elementor-element-754b3b0 e-flex e-con-boxed e-con e-parent\" data-id=\"754b3b0\" data-element_type=\"container\" data-e-type=\"container\" data-settings=\"{&quot;jet_parallax_layout_list&quot;:[],&quot;_ha_eqh_enable&quot;:false}\">\n\t\t\t\t\t<div class=\"e-con-inner\">\n\t\t\t\t<div class=\"elementor-element elementor-element-371d0b1 elementor-widget elementor-widget-menu-anchor\" data-id=\"371d0b1\" data-element_type=\"widget\" data-e-type=\"widget\" data-widget_type=\"menu-anchor.default\">\n\t\t\t\t\t\t\t<div class=\"elementor-menu-anchor\" id=\"contenu\"><\/div>\n\t\t\t\t\t\t<\/div>\n\t\t<div class=\"elementor-element elementor-element-99f4c7b e-con-full e-flex e-con e-child\" data-id=\"99f4c7b\" data-element_type=\"container\" data-e-type=\"container\" data-settings=\"{&quot;jet_parallax_layout_list&quot;:[],&quot;_ha_eqh_enable&quot;:false}\">\n\t\t\t\t<div class=\"elementor-element elementor-element-ba7a037 elementor-widget elementor-widget-text-editor\" data-id=\"ba7a037\" data-element_type=\"widget\" data-e-type=\"widget\" data-widget_type=\"text-editor.default\">\n\t\t\t\t\t\t\t\t\t<p>France Bike Rentals (FBR) est une entreprise fran\u00e7aise qui fait partie du groupe R\u00caVE DE V\u00c9LO depuis 2024. Les activit\u00e9s de FBR renforcent l&rsquo;expertise du groupe d\u00e9di\u00e9e aux professionnels \u00e0 travers sa filiale OK \u00c7A ROULE. La fusion a donn\u00e9 lieu \u00e0 la cr\u00e9ation d&rsquo;une nouvelle entit\u00e9 : France Bike Rentals  Services, avec un double leadership.  <\/p>\n<ul>\n<li>Sur le march\u00e9 de la location de v\u00e9los haut de gamme, elle dispose d&rsquo;une flotte de plus de 1200 v\u00e9los issus exclusivement de grandes marques, traditionnels ou VAE, destin\u00e9s \u00e0 toutes les pratiques.<\/li>\n<li>Sur le march\u00e9 du Tourisme de l\u2019\u00c9v\u00e9nementiel, elle offrira aux professionnels une plateforme de services v\u00e9lo unique pour l\u2019organisation de s\u00e9jours et de s\u00e9minaires : conception, animation et encadrement, hospitalit\u00e9s et transferts, logistique.<\/li>\n<\/ul>\n<p>En plus de sa base dans la r\u00e9gion de Montpellier (H\u00e9rault), le groupe R\u00caVE DE V\u00c9LO dispose d\u00e9sormais d&rsquo;une base logistique et op\u00e9rationnelle dans le d\u00e9partement du Vaucluse pour ses activit\u00e9s li\u00e9es au tourisme, b\u00e9n\u00e9ficiant d&rsquo;un emplacement exceptionnel.<\/p>\n<p>Aux c\u00f4t\u00e9s de la plateforme de location et de services de v\u00e9los, le groupe poss\u00e8de les magasins <a href=\"https:\/\/www.revedevelo.com\/\" target=\"_blank\" rel=\"noopener\">R\u00caVE DE V\u00c9LO Bike Shops<\/a>, dont le magasin de&nbsp;<a href=\"https:\/\/www.revedevelo.com\/magasins\/5-magasin-velo-ventoux\" target=\"_blank\" rel=\"noopener\">B\u00e9doin<\/a>, <span style=\"font-weight: 400;\">l&rsquo;agence <a href=\"https:\/\/events.revedevelo.com\/\" target=\"_blank\" rel=\"noopener\">R\u00caVE DE V\u00c9LO Events<\/a> pour des exp\u00e9riences VIP, <\/span>ainsi que deux agences de voyage sp\u00e9cialis\u00e9es dans les voyages \u00e0 v\u00e9lo : <a href=\"https:\/\/travel.revedevelo.com\/\" target=\"_blank\" rel=\"noopener\">R\u00caVE DE V\u00c9LO Travel<\/a> pour les clients fran\u00e7ais et europ\u00e9ens et <a href=\"https:\/\/www.discoverfrance.com\/\" target=\"_blank\" rel=\"noopener\">Discover France<\/a> pour les clients venant de plus loin.<\/p>\t\t\t\t\t\t\t\t<\/div>\n\t\t\t\t<\/div>\n\t\t<div data-dce-background-image-url=\"https:\/\/www.francebikerentals.com\/wp-content\/uploads\/2024\/07\/FBR_histoire-1.jpg\" class=\"elementor-element elementor-element-a812eff e-con-full e-flex e-con e-child\" data-id=\"a812eff\" data-element_type=\"container\" data-e-type=\"container\" data-settings=\"{&quot;background_background&quot;:&quot;classic&quot;,&quot;jet_parallax_layout_list&quot;:[],&quot;_ha_eqh_enable&quot;:false}\">\n\t\t\t\t<div class=\"elementor-element elementor-element-ecc2bef elementor-widget elementor-widget-spacer\" data-id=\"ecc2bef\" data-element_type=\"widget\" data-e-type=\"widget\" data-widget_type=\"spacer.default\">\n\t\t\t\t\t\t\t<div class=\"elementor-spacer\">\n\t\t\t<div class=\"elementor-spacer-inner\"><\/div>\n\t\t<\/div>\n\t\t\t\t\t\t<\/div>\n\t\t\t\t<\/div>\n\t\t\t\t\t<\/div>\n\t\t\t\t<\/div>\n\t\t<div class=\"elementor-element elementor-element-5e6b482 e-flex e-con-boxed e-con e-parent\" data-id=\"5e6b482\" data-element_type=\"container\" data-e-type=\"container\" data-settings=\"{&quot;background_background&quot;:&quot;gradient&quot;,&quot;jet_parallax_layout_list&quot;:[],&quot;_ha_eqh_enable&quot;:false}\">\n\t\t\t\t\t<div class=\"e-con-inner\">\n\t\t<div class=\"elementor-element elementor-element-7cf24e5 e-con-full e-flex e-con e-child\" data-id=\"7cf24e5\" data-element_type=\"container\" data-e-type=\"container\" data-settings=\"{&quot;jet_parallax_layout_list&quot;:[],&quot;_ha_eqh_enable&quot;:false}\">\n\t\t\t\t<div class=\"elementor-element elementor-element-c22dc16 elementor-view-default elementor-position-block-start elementor-mobile-position-block-start elementor-widget elementor-widget-icon-box\" data-id=\"c22dc16\" data-element_type=\"widget\" data-e-type=\"widget\" data-widget_type=\"icon-box.default\">\n\t\t\t\t\t\t\t<div class=\"elementor-icon-box-wrapper\">\n\n\t\t\t\t\t\t<div class=\"elementor-icon-box-icon\">\n\t\t\t\t<span  class=\"elementor-icon\">\n\t\t\t\t<svg xmlns=\"http:\/\/www.w3.org\/2000\/svg\" id=\"Calque_1\" data-name=\"Calque 1\" viewBox=\"0 0 44.49 45.4\"><defs><style>      .cls-1 {        fill: #fff;        stroke-width: 0px;      }    <\/style><\/defs><g><path class=\"cls-1\" d=\"m33.8,26.13l.77-4.48-3.26-3.17,4.51-.65,2.01-4.08,2.01,4.08,4.51.65-3.26,3.17.77,4.48-4.03-2.12-4.03,2.12Zm4.03-4.38l1.37.72-.26-1.53,1.11-1.08-1.53-.22-.69-1.39-.69,1.39-1.53.22,1.11,1.08-.26,1.53,1.37-.72Z\"><\/path><path class=\"cls-1\" d=\"m3.78,26.13l.77-4.48-3.26-3.17,4.51-.65,2.01-4.08,2.01,4.08,4.51.65-3.26,3.17.77,4.48-4.03-2.12-4.03,2.12Zm4.03-4.38l1.37.72-.26-1.53,1.11-1.08-1.53-.22-.69-1.39-.69,1.39-1.53.22,1.11,1.08-.26,1.53,1.37-.72Z\"><\/path><\/g><g><g><path class=\"cls-1\" d=\"m23.07,33.05s0,0,0,0c0,0,0,0,0,0Z\"><\/path><path class=\"cls-1\" d=\"m43.57,29.37l-.18.17.17-.18c-.93-.99-2.36-1.32-3.65-.82-1.39.53-2.96,1.45-4.65,2.73-.57.43-1.31.79-2.21,1.09.08-.93-.17-2.1-1.1-2.82-.4-.3-.87-.47-1.41-.51-2.48-.22-6.1-1.24-10.18-2.87-5.06-2.03-10.75,2.15-11.84,3l-.17.13.92,1.6.12.25.3-.21c.05-.05,5.59-4.53,9.88-2.81,4.24,1.7,8.08,2.77,10.81,3.01.04,0,.18.02.29.1.21.16.35.66.24,1.18-.06.22-.23.41-.46.53-2.99.43-6.1.23-7.3.12-.04,0-.06,0-.07,0-.58-.05-1.11.37-1.17.94-.03.28.05.56.23.78.18.22.43.36.71.39.03,0,2.75.31,5.94.08,3.46-.25,6.07-1.02,7.75-2.28,1.94-1.46,3.32-2.13,4.14-2.44.47-.18.99-.07,1.34.3.21.22.33.51.33.83,0,.33-.14.65-.39.89l-.11.11c-2.01,1.79-6.02,4.76-11.05,5.38-3.38.42-6.46-.1-9.18-.56-2.96-.5-5.75-.96-8.23-.04l-.28.1,1.09,1.88.19-.06c1.9-.6,4.21-.21,6.88.23l.12.02c2.04.34,4.35.73,6.84.73.99,0,1.91-.06,2.83-.17,5.41-.67,9.7-3.65,12.35-6.04.69-.63,1.08-1.53,1.08-2.46,0-.86-.33-1.68-.92-2.29Z\"><\/path><\/g><path class=\"cls-1\" d=\"m7.7,45.4L0,32.07l8.54-4.93,7.7,13.33-8.54,4.93Zm-4.96-12.6l5.7,9.87,5.08-2.93-5.7-9.87-5.08,2.93Z\"><\/path><\/g><g><path class=\"cls-1\" d=\"m27.89,22.5l-5.08-2.67-5.08,2.67.97-5.66-4.11-4.01,5.68-.83,2.54-5.15,2.54,5.15,5.68.83-4.11,4.01.97,5.66Zm-9.01-8.27l1.96,1.91-.46,2.7,2.43-1.28,2.43,1.28-.46-2.7,1.96-1.91-2.71-.39-1.21-2.46-1.21,2.46-2.71.39Z\"><\/path><rect class=\"cls-1\" x=\"21.8\" width=\"2\" height=\"5\"><\/rect><rect class=\"cls-1\" x=\"15.8\" y=\"3\" width=\"2\" height=\"5\" transform=\"translate(1.03 13.49) rotate(-45)\"><\/rect><rect class=\"cls-1\" x=\"26.3\" y=\"4.5\" width=\"5\" height=\"2\" transform=\"translate(4.55 21.98) rotate(-45)\"><\/rect><\/g><\/svg>\t\t\t\t<\/span>\n\t\t\t<\/div>\n\t\t\t\n\t\t\t\t\t\t<div class=\"elementor-icon-box-content\">\n\n\t\t\t\t\t\t\t\t\t<h3 class=\"elementor-icon-box-title\">\n\t\t\t\t\t\t<span  >\n\t\t\t\t\t\t\t+15\t\t\t\t\t\t<\/span>\n\t\t\t\t\t<\/h3>\n\t\t\t\t\n\t\t\t\t\t\t\t\t\t<p class=\"elementor-icon-box-description\">\n\t\t\t\t\t\tAnn\u00e9es\nd'exp\u00e9riences<br>\t\t\t\t\t<\/p>\n\t\t\t\t\n\t\t\t<\/div>\n\t\t\t\n\t\t<\/div>\n\t\t\t\t\t\t<\/div>\n\t\t\t\t<\/div>\n\t\t<div class=\"elementor-element elementor-element-0f17c8a e-con-full e-flex e-con e-child\" data-id=\"0f17c8a\" data-element_type=\"container\" data-e-type=\"container\" data-settings=\"{&quot;jet_parallax_layout_list&quot;:[],&quot;_ha_eqh_enable&quot;:false}\">\n\t\t\t\t<div class=\"elementor-element elementor-element-682014e elementor-view-default elementor-position-block-start elementor-mobile-position-block-start elementor-widget elementor-widget-icon-box\" data-id=\"682014e\" data-element_type=\"widget\" data-e-type=\"widget\" data-widget_type=\"icon-box.default\">\n\t\t\t\t\t\t\t<div class=\"elementor-icon-box-wrapper\">\n\n\t\t\t\t\t\t<div class=\"elementor-icon-box-icon\">\n\t\t\t\t<span  class=\"elementor-icon\">\n\t\t\t\t<svg xmlns=\"http:\/\/www.w3.org\/2000\/svg\" id=\"Calque_1\" data-name=\"Calque 1\" viewBox=\"0 0 47.12 29.41\"><defs><style>      .cls-1 {        fill: #fff;        stroke-width: 0px;      }    <\/style><\/defs><path class=\"cls-1\" d=\"m9.62,29.41c-5.3,0-9.62-4.32-9.62-9.62s4.32-9.62,9.62-9.62,9.62,4.32,9.62,9.62-4.32,9.62-9.62,9.62Zm0-17.24c-4.2,0-7.62,3.42-7.62,7.62s3.42,7.62,7.62,7.62,7.62-3.42,7.62-7.62-3.42-7.62-7.62-7.62Z\"><\/path><path class=\"cls-1\" d=\"m37.5,29.41c-5.3,0-9.62-4.32-9.62-9.62s4.32-9.62,9.62-9.62,9.62,4.32,9.62,9.62-4.32,9.62-9.62,9.62Zm0-17.24c-4.2,0-7.62,3.42-7.62,7.62s3.42,7.62,7.62,7.62,7.62-3.42,7.62-7.62-3.42-7.62-7.62-7.62Z\"><\/path><path class=\"cls-1\" d=\"m23.12,21.04l-16.1-1.18,10.1-11.76,14.33-3.07.32,1.49.1-.13,1.58,1.22-10.33,13.43Zm-12-2.89l11.07.82,9.13-11.87-13.13,2.81-7.08,8.24Z\"><\/path><rect class=\"cls-1\" x=\"17.15\" y=\"-.01\" width=\"2\" height=\"21.02\" transform=\"translate(-2.75 8.78) rotate(-25.35)\"><\/rect><rect class=\"cls-1\" x=\"10.65\" width=\"8\" height=\"2\"><\/rect><polygon class=\"cls-1\" points=\"37.58 20.19 30.13 3 39.45 3 36.9 7.49 35.16 6.51 36.01 5 33.18 5 39.42 19.39 37.58 20.19\"><\/polygon><\/svg>\t\t\t\t<\/span>\n\t\t\t<\/div>\n\t\t\t\n\t\t\t\t\t\t<div class=\"elementor-icon-box-content\">\n\n\t\t\t\t\t\t\t\t\t<h3 class=\"elementor-icon-box-title\">\n\t\t\t\t\t\t<span  >\n\t\t\t\t\t\t\t1200\t\t\t\t\t\t<\/span>\n\t\t\t\t\t<\/h3>\n\t\t\t\t\n\t\t\t\t\t\t\t\t\t<p class=\"elementor-icon-box-description\">\n\t\t\t\t\t\tv\u00e9los\t\t\t\t\t<\/p>\n\t\t\t\t\n\t\t\t<\/div>\n\t\t\t\n\t\t<\/div>\n\t\t\t\t\t\t<\/div>\n\t\t\t\t<\/div>\n\t\t<div class=\"elementor-element elementor-element-3d79d61 e-con-full e-flex e-con e-child\" data-id=\"3d79d61\" data-element_type=\"container\" data-e-type=\"container\" data-settings=\"{&quot;jet_parallax_layout_list&quot;:[],&quot;_ha_eqh_enable&quot;:false}\">\n\t\t\t\t<div class=\"elementor-element elementor-element-2d8da47 elementor-view-default elementor-position-block-start elementor-mobile-position-block-start elementor-widget elementor-widget-icon-box\" data-id=\"2d8da47\" data-element_type=\"widget\" data-e-type=\"widget\" data-widget_type=\"icon-box.default\">\n\t\t\t\t\t\t\t<div class=\"elementor-icon-box-wrapper\">\n\n\t\t\t\t\t\t<div class=\"elementor-icon-box-icon\">\n\t\t\t\t<span  class=\"elementor-icon\">\n\t\t\t\t<svg xmlns=\"http:\/\/www.w3.org\/2000\/svg\" id=\"Calque_1\" data-name=\"Calque 1\" viewBox=\"0 0 46.59 42.27\"><defs><style>      .cls-1 {        fill: #fff;        stroke-width: 0px;      }    <\/style><\/defs><path class=\"cls-1\" d=\"m8.9,13.33h3.52v3.52h-3.52v-3.52Zm8.41,3.52h3.52v-3.52h-3.53v3.52Zm8.41-3.52v3.52h3.53v-3.52h-3.53Zm11.95,0h-3.56v3.52h3.52l.04-3.52Zm-28.77,12.57h3.52v-3.52h-3.52v3.52Zm8.41,0h3.52v-3.52h-3.53v3.52Zm8.41,0h3.53v-3.52h-3.53v3.52Zm11.95-3.52h-3.56v3.52h3.52l.04-3.52Zm-28.77,12.56h3.52v-3.52h-3.52v3.52Zm8.41,0h3.52v-3.52h-3.53v3.52Zm8.41,0h3.53v-3.52h-3.53v3.52Zm20.87-26.48v22.14c0,.3-.12.59-.33.8l-10.53,10.53h0c-.21.21-.5.33-.8.33H5.69c-3.14,0-5.69-2.55-5.69-5.69V8.46C0,5.32,2.55,2.77,5.69,2.77h4.81V0S12.77,0,12.77,0v2.77h9.38V0h2.28v2.77h9.35V0h2.28v2.77h4.83,0c1.51,0,2.96.6,4.03,1.67s1.67,2.52,1.67,4.03h0ZM5.69,40h28.09v-4.83c0-3.14,2.55-5.69,5.69-5.69h4.83V8.46c0-1.89-1.53-3.42-3.42-3.42h-4.83v2.92h-2.28v-2.92s-9.35,0-9.35,0v2.92h-2.28v-2.92h-9.38v2.92h-2.28v-2.92h-4.8c-1.89,0-3.42,1.53-3.42,3.42v28.12c0,1.88,1.53,3.42,3.42,3.42h0Zm33.78-8.25c-1.88,0-3.42,1.53-3.42,3.42v3.23l6.64-6.64h-3.23Z\"><\/path><\/svg>\t\t\t\t<\/span>\n\t\t\t<\/div>\n\t\t\t\n\t\t\t\t\t\t<div class=\"elementor-icon-box-content\">\n\n\t\t\t\t\t\t\t\t\t<h3 class=\"elementor-icon-box-title\">\n\t\t\t\t\t\t<span  >\n\t\t\t\t\t\t\t+40\t\t\t\t\t\t<\/span>\n\t\t\t\t\t<\/h3>\n\t\t\t\t\n\t\t\t\t\t\t\t\t\t<p class=\"elementor-icon-box-description\">\n\t\t\t\t\t\t\u00e9v\u00e9nements en Europe\t\t\t\t\t<\/p>\n\t\t\t\t\n\t\t\t<\/div>\n\t\t\t\n\t\t<\/div>\n\t\t\t\t\t\t<\/div>\n\t\t\t\t<\/div>\n\t\t<div class=\"elementor-element elementor-element-e0ced0b e-con-full e-flex e-con e-child\" data-id=\"e0ced0b\" data-element_type=\"container\" data-e-type=\"container\" data-settings=\"{&quot;jet_parallax_layout_list&quot;:[],&quot;_ha_eqh_enable&quot;:false}\">\n\t\t\t\t<div class=\"elementor-element elementor-element-349ad52 elementor-view-default elementor-position-block-start elementor-mobile-position-block-start elementor-widget elementor-widget-icon-box\" data-id=\"349ad52\" data-element_type=\"widget\" data-e-type=\"widget\" data-widget_type=\"icon-box.default\">\n\t\t\t\t\t\t\t<div class=\"elementor-icon-box-wrapper\">\n\n\t\t\t\t\t\t<div class=\"elementor-icon-box-icon\">\n\t\t\t\t<span  class=\"elementor-icon\">\n\t\t\t\t<svg xmlns=\"http:\/\/www.w3.org\/2000\/svg\" id=\"Calque_1\" data-name=\"Calque 1\" viewBox=\"0 0 44.77 28.12\"><defs><style>      .cls-1 {        fill: #fff;        stroke-width: 0px;      }    <\/style><\/defs><path class=\"cls-1\" d=\"m15.43,6.79c0,1.81.7,3.51,1.99,4.79,1.28,1.28,2.98,1.99,4.79,1.99s3.51-.7,4.79-1.99c2.64-2.65,2.64-6.95,0-9.59-1.28-1.28-2.98-1.99-4.79-1.99s-3.51.7-4.79,1.99c-1.28,1.29-1.99,2.99-1.99,4.8h0Zm6.78-5.04c1.34,0,2.61.52,3.56,1.48,1.97,1.97,1.97,5.16,0,7.13-.95.95-2.22,1.48-3.56,1.48s-2.61-.52-3.56-1.48c-.95-.95-1.48-2.22-1.48-3.56s.52-2.61,1.48-3.56c.95-.96,2.22-1.48,3.56-1.48Z\"><\/path><path class=\"cls-1\" d=\"m33.3,10.3c-1.94,1.94-1.94,5.11,0,7.06.97.97,2.25,1.46,3.53,1.46s2.55-.49,3.53-1.46c.94-.94,1.46-2.19,1.46-3.53s-.52-2.59-1.46-3.53c-1.95-1.94-5.12-1.94-7.06,0h0Zm5.82,5.83c-1.27,1.26-3.32,1.26-4.59,0-1.26-1.27-1.26-3.32,0-4.59.61-.61,1.43-.95,2.29-.95s1.68.34,2.3.95c.62.61.95,1.43.95,2.29,0,.87-.33,1.69-.95,2.3Z\"><\/path><path class=\"cls-1\" d=\"m2.98,13.83c0,1.33.52,2.59,1.46,3.53.94.94,2.19,1.46,3.53,1.46s2.59-.52,3.53-1.46c.94-.94,1.46-2.19,1.46-3.53s-.52-2.59-1.46-3.53-2.19-1.46-3.53-1.46-2.59.52-3.53,1.46c-.94.94-1.46,2.2-1.46,3.53Zm2.7-2.3c.61-.61,1.43-.95,2.29-.95s1.68.34,2.29.95c.61.61.95,1.43.95,2.29s-.34,1.68-.95,2.29c-.61.61-1.43.95-2.29.95s-1.68-.34-2.29-.95-.95-1.43-.95-2.29c0-.86.33-1.68.95-2.29Z\"><\/path><path class=\"cls-1\" d=\"m.89,28.12h9.41s.03,0,.05,0c.02,0,.03,0,.05,0h23.64c.08,0,.16-.01.23-.03.08.02.15.03.23.03h9.41c.48,0,.87-.39.87-.87,0-.53-.05-1.06-.16-1.58-.1-.51-.26-1-.46-1.47-.2-.46-.44-.91-.73-1.33-.28-.41-.6-.8-.96-1.16-.35-.35-.75-.68-1.16-.96-.42-.28-.87-.53-1.33-.73-.48-.2-.97-.35-1.47-.46-.52-.1-1.05-.16-1.63-.16h-.16c-.53,0-1.06.05-1.58.16-.5.1-1,.26-1.47.46-.27.12-.54.25-.8.4-2.23-3.42-6.09-5.68-10.47-5.68h-.37c-4.32,0-8.13,2.2-10.38,5.53-.18-.09-.34-.18-.52-.25-.48-.2-.97-.35-1.47-.46-.52-.1-1.05-.16-1.63-.16h-.16c-.53,0-1.06.05-1.58.16-.5.1-1,.26-1.47.46-.47.2-.91.44-1.33.73-.41.28-.8.6-1.16.96s-.68.75-.96,1.16c-.28.42-.53.87-.73,1.33-.2.47-.35.97-.46,1.47-.1.52-.16,1.05-.16,1.58.02.48.41.87.89.87h0Zm33.46-6.49c.37-.16.75-.28,1.14-.35.4-.08.81-.12,1.28-.12h.16c.41,0,.83.04,1.23.12.39.08.77.2,1.14.35.36.15.71.34,1.04.56.33.22.63.47.91.75.28.28.53.58.75.91.22.33.41.68.56,1.04.16.37.27.75.35,1.14.02.12.05.23.06.35h-8.11c-.11-1.58-.51-3.06-1.15-4.43.21-.12.42-.23.63-.33h0Zm-12.31-5.14h.37c5.64,0,10.29,4.36,10.73,9.89H11.3c.13-1.56.59-3.02,1.32-4.32.03-.03.06-.06.08-.09.05-.08.09-.17.12-.26,1.88-3.12,5.31-5.22,9.22-5.22h0ZM1.89,26.03c.08-.39.2-.77.35-1.14.15-.36.34-.71.56-1.04.22-.33.47-.63.75-.91.28-.28.58-.53.91-.75s.68-.41,1.04-.56c.37-.16.75-.27,1.14-.35.4-.08.81-.12,1.28-.12h.16c.41,0,.83.04,1.23.12.39.08.77.2,1.14.35.12.05.23.11.34.16-.69,1.4-1.11,2.95-1.23,4.58H1.83c.02-.12.04-.23.06-.35h0Z\"><\/path><\/svg>\t\t\t\t<\/span>\n\t\t\t<\/div>\n\t\t\t\n\t\t\t\t\t\t<div class=\"elementor-icon-box-content\">\n\n\t\t\t\t\t\t\t\t\t<h3 class=\"elementor-icon-box-title\">\n\t\t\t\t\t\t<span  >\n\t\t\t\t\t\t\t+12\t\t\t\t\t\t<\/span>\n\t\t\t\t\t<\/h3>\n\t\t\t\t\n\t\t\t\t\t\t\t\t\t<p class=\"elementor-icon-box-description\">\n\t\t\t\t\t\tcollaborateurs\t\t\t\t\t<\/p>\n\t\t\t\t\n\t\t\t<\/div>\n\t\t\t\n\t\t<\/div>\n\t\t\t\t\t\t<\/div>\n\t\t\t\t<\/div>\n\t\t\t\t\t<\/div>\n\t\t\t\t<\/div>\n\t\t<div class=\"elementor-element elementor-element-6bec062 e-flex e-con-boxed e-con e-parent\" data-id=\"6bec062\" data-element_type=\"container\" data-e-type=\"container\" data-settings=\"{&quot;jet_parallax_layout_list&quot;:[],&quot;_ha_eqh_enable&quot;:false}\">\n\t\t\t\t\t<div class=\"e-con-inner\">\n\t\t\t\t\t<\/div>\n\t\t\t\t<\/div>\n\t\t\t\t<\/div>\n\t\t","protected":false},"excerpt":{"rendered":"<p>France Bike Rentals (FBR) est une entreprise fran\u00e7aise qui fait partie du groupe R\u00caVE DE V\u00c9LO depuis 2024. Les activit\u00e9s de FBR renforcent l&rsquo;expertise du groupe d\u00e9di\u00e9e aux professionnels \u00e0 travers sa filiale OK \u00c7A ROULE. La fusion a donn\u00e9 lieu \u00e0 la cr\u00e9ation d&rsquo;une nouvelle entit\u00e9 : France Bike Rentals Services, avec un double [&hellip;]<\/p>\n","protected":false},"author":1,"featured_media":0,"parent":3170,"menu_order":0,"comment_status":"closed","ping_status":"closed","template":"","meta":{"footnotes":""},"class_list":["post-2970","page","type-page","status-publish","hentry"],"yoast_head":"<!-- This site is optimized with the Yoast SEO Premium plugin v22.9 (Yoast SEO v27.5) - https:\/\/yoast.com\/product\/yoast-seo-premium-wordpress\/ -->\n<title>Notre histoire - France Bike Rental<\/title>\n<meta name=\"description\" content=\"France Bike Rentals (FBR) est une entreprise fran\u00e7aise qui fait partie du groupe R\u00caVE DE V\u00c9LO depuis 2024. Les activit\u00e9s de FBR renforcent l&#039;expertise du\" \/>\n<meta name=\"robots\" content=\"index, follow, max-snippet:-1, max-image-preview:large, max-video-preview:-1\" \/>\n<link rel=\"canonical\" href=\"https:\/\/www.francebikerentals.com\/fr\/a-propos\/notre-histoire\/\" \/>\n<meta property=\"og:locale\" content=\"fr_FR\" \/>\n<meta property=\"og:type\" content=\"article\" \/>\n<meta property=\"og:title\" content=\"Notre histoire\" \/>\n<meta property=\"og:description\" content=\"France Bike Rentals (FBR) est une entreprise fran\u00e7aise qui fait partie du groupe R\u00caVE DE V\u00c9LO depuis 2024. Les activit\u00e9s de FBR renforcent l&#039;expertise du\" \/>\n<meta property=\"og:url\" content=\"https:\/\/www.francebikerentals.com\/fr\/a-propos\/notre-histoire\/\" \/>\n<meta property=\"og:site_name\" content=\"France Bike Rental\" \/>\n<meta property=\"article:modified_time\" content=\"2024-10-08T09:43:55+00:00\" \/>\n<meta name=\"twitter:card\" content=\"summary_large_image\" \/>\n<meta name=\"twitter:label1\" content=\"Dur\u00e9e de lecture estim\u00e9e\" \/>\n\t<meta name=\"twitter:data1\" content=\"5 minutes\" \/>\n<script type=\"application\/ld+json\" class=\"yoast-schema-graph\">{\"@context\":\"https:\\\/\\\/schema.org\",\"@graph\":[{\"@type\":\"WebPage\",\"@id\":\"https:\\\/\\\/www.francebikerentals.com\\\/fr\\\/a-propos\\\/notre-histoire\\\/\",\"url\":\"https:\\\/\\\/www.francebikerentals.com\\\/fr\\\/a-propos\\\/notre-histoire\\\/\",\"name\":\"Notre histoire - France Bike Rental\",\"isPartOf\":{\"@id\":\"https:\\\/\\\/www.francebikerentals.com\\\/#website\"},\"datePublished\":\"2024-06-21T14:14:32+00:00\",\"dateModified\":\"2024-10-08T09:43:55+00:00\",\"description\":\"France Bike Rentals (FBR) est une entreprise fran\u00e7aise qui fait partie du groupe R\u00caVE DE V\u00c9LO depuis 2024. Les activit\u00e9s de FBR renforcent l'expertise du\",\"breadcrumb\":{\"@id\":\"https:\\\/\\\/www.francebikerentals.com\\\/fr\\\/a-propos\\\/notre-histoire\\\/#breadcrumb\"},\"inLanguage\":\"fr-FR\",\"potentialAction\":[{\"@type\":\"ReadAction\",\"target\":[\"https:\\\/\\\/www.francebikerentals.com\\\/fr\\\/a-propos\\\/notre-histoire\\\/\"]}]},{\"@type\":\"BreadcrumbList\",\"@id\":\"https:\\\/\\\/www.francebikerentals.com\\\/fr\\\/a-propos\\\/notre-histoire\\\/#breadcrumb\",\"itemListElement\":[{\"@type\":\"ListItem\",\"position\":1,\"name\":\"Accueil\",\"item\":\"https:\\\/\\\/www.francebikerentals.com\\\/\"},{\"@type\":\"ListItem\",\"position\":2,\"name\":\"\u00c0 propos\",\"item\":\"https:\\\/\\\/www.francebikerentals.com\\\/fr\\\/a-propos\\\/\"},{\"@type\":\"ListItem\",\"position\":3,\"name\":\"Notre histoire\"}]},{\"@type\":\"WebSite\",\"@id\":\"https:\\\/\\\/www.francebikerentals.com\\\/#website\",\"url\":\"https:\\\/\\\/www.francebikerentals.com\\\/\",\"name\":\"France Bike Rental\",\"description\":\"Your bike rental company\",\"publisher\":{\"@id\":\"https:\\\/\\\/www.francebikerentals.com\\\/#organization\"},\"potentialAction\":[{\"@type\":\"SearchAction\",\"target\":{\"@type\":\"EntryPoint\",\"urlTemplate\":\"https:\\\/\\\/www.francebikerentals.com\\\/?s={search_term_string}\"},\"query-input\":{\"@type\":\"PropertyValueSpecification\",\"valueRequired\":true,\"valueName\":\"search_term_string\"}}],\"inLanguage\":\"fr-FR\"},{\"@type\":\"Organization\",\"@id\":\"https:\\\/\\\/www.francebikerentals.com\\\/#organization\",\"name\":\"France Bike Rentals\",\"url\":\"https:\\\/\\\/www.francebikerentals.com\\\/\",\"logo\":{\"@type\":\"ImageObject\",\"inLanguage\":\"fr-FR\",\"@id\":\"https:\\\/\\\/www.francebikerentals.com\\\/#\\\/schema\\\/logo\\\/image\\\/\",\"url\":\"https:\\\/\\\/www.francebikerentals.com\\\/wp-content\\\/uploads\\\/2024\\\/07\\\/cropped-FBR_icon_512x512px.png\",\"contentUrl\":\"https:\\\/\\\/www.francebikerentals.com\\\/wp-content\\\/uploads\\\/2024\\\/07\\\/cropped-FBR_icon_512x512px.png\",\"width\":512,\"height\":512,\"caption\":\"France Bike Rentals\"},\"image\":{\"@id\":\"https:\\\/\\\/www.francebikerentals.com\\\/#\\\/schema\\\/logo\\\/image\\\/\"}}]}<\/script>\n<!-- \/ Yoast SEO Premium plugin. -->","yoast_head_json":{"title":"Notre histoire - France Bike Rental","description":"France Bike Rentals (FBR) est une entreprise fran\u00e7aise qui fait partie du groupe R\u00caVE DE V\u00c9LO depuis 2024. Les activit\u00e9s de FBR renforcent l'expertise du","robots":{"index":"index","follow":"follow","max-snippet":"max-snippet:-1","max-image-preview":"max-image-preview:large","max-video-preview":"max-video-preview:-1"},"canonical":"https:\/\/www.francebikerentals.com\/fr\/a-propos\/notre-histoire\/","og_locale":"fr_FR","og_type":"article","og_title":"Notre histoire","og_description":"France Bike Rentals (FBR) est une entreprise fran\u00e7aise qui fait partie du groupe R\u00caVE DE V\u00c9LO depuis 2024. Les activit\u00e9s de FBR renforcent l'expertise du","og_url":"https:\/\/www.francebikerentals.com\/fr\/a-propos\/notre-histoire\/","og_site_name":"France Bike Rental","article_modified_time":"2024-10-08T09:43:55+00:00","twitter_card":"summary_large_image","twitter_misc":{"Dur\u00e9e de lecture estim\u00e9e":"5 minutes"},"schema":{"@context":"https:\/\/schema.org","@graph":[{"@type":"WebPage","@id":"https:\/\/www.francebikerentals.com\/fr\/a-propos\/notre-histoire\/","url":"https:\/\/www.francebikerentals.com\/fr\/a-propos\/notre-histoire\/","name":"Notre histoire - France Bike Rental","isPartOf":{"@id":"https:\/\/www.francebikerentals.com\/#website"},"datePublished":"2024-06-21T14:14:32+00:00","dateModified":"2024-10-08T09:43:55+00:00","description":"France Bike Rentals (FBR) est une entreprise fran\u00e7aise qui fait partie du groupe R\u00caVE DE V\u00c9LO depuis 2024. Les activit\u00e9s de FBR renforcent l'expertise du","breadcrumb":{"@id":"https:\/\/www.francebikerentals.com\/fr\/a-propos\/notre-histoire\/#breadcrumb"},"inLanguage":"fr-FR","potentialAction":[{"@type":"ReadAction","target":["https:\/\/www.francebikerentals.com\/fr\/a-propos\/notre-histoire\/"]}]},{"@type":"BreadcrumbList","@id":"https:\/\/www.francebikerentals.com\/fr\/a-propos\/notre-histoire\/#breadcrumb","itemListElement":[{"@type":"ListItem","position":1,"name":"Accueil","item":"https:\/\/www.francebikerentals.com\/"},{"@type":"ListItem","position":2,"name":"\u00c0 propos","item":"https:\/\/www.francebikerentals.com\/fr\/a-propos\/"},{"@type":"ListItem","position":3,"name":"Notre histoire"}]},{"@type":"WebSite","@id":"https:\/\/www.francebikerentals.com\/#website","url":"https:\/\/www.francebikerentals.com\/","name":"France Bike Rental","description":"Your bike rental company","publisher":{"@id":"https:\/\/www.francebikerentals.com\/#organization"},"potentialAction":[{"@type":"SearchAction","target":{"@type":"EntryPoint","urlTemplate":"https:\/\/www.francebikerentals.com\/?s={search_term_string}"},"query-input":{"@type":"PropertyValueSpecification","valueRequired":true,"valueName":"search_term_string"}}],"inLanguage":"fr-FR"},{"@type":"Organization","@id":"https:\/\/www.francebikerentals.com\/#organization","name":"France Bike Rentals","url":"https:\/\/www.francebikerentals.com\/","logo":{"@type":"ImageObject","inLanguage":"fr-FR","@id":"https:\/\/www.francebikerentals.com\/#\/schema\/logo\/image\/","url":"https:\/\/www.francebikerentals.com\/wp-content\/uploads\/2024\/07\/cropped-FBR_icon_512x512px.png","contentUrl":"https:\/\/www.francebikerentals.com\/wp-content\/uploads\/2024\/07\/cropped-FBR_icon_512x512px.png","width":512,"height":512,"caption":"France Bike Rentals"},"image":{"@id":"https:\/\/www.francebikerentals.com\/#\/schema\/logo\/image\/"}}]}},"_links":{"self":[{"href":"https:\/\/www.francebikerentals.com\/fr\/wp-json\/wp\/v2\/pages\/2970","targetHints":{"allow":["GET"]}}],"collection":[{"href":"https:\/\/www.francebikerentals.com\/fr\/wp-json\/wp\/v2\/pages"}],"about":[{"href":"https:\/\/www.francebikerentals.com\/fr\/wp-json\/wp\/v2\/types\/page"}],"author":[{"embeddable":true,"href":"https:\/\/www.francebikerentals.com\/fr\/wp-json\/wp\/v2\/users\/1"}],"replies":[{"embeddable":true,"href":"https:\/\/www.francebikerentals.com\/fr\/wp-json\/wp\/v2\/comments?post=2970"}],"version-history":[{"count":0,"href":"https:\/\/www.francebikerentals.com\/fr\/wp-json\/wp\/v2\/pages\/2970\/revisions"}],"up":[{"embeddable":true,"href":"https:\/\/www.francebikerentals.com\/fr\/wp-json\/wp\/v2\/pages\/3170"}],"wp:attachment":[{"href":"https:\/\/www.francebikerentals.com\/fr\/wp-json\/wp\/v2\/media?parent=2970"}],"curies":[{"name":"wp","href":"https:\/\/api.w.org\/{rel}","templated":true}]}}