{"id":2971,"date":"2024-06-21T16:33:52","date_gmt":"2024-06-21T14:33:52","guid":{"rendered":"https:\/\/www.francebikerentals.com\/notre-equipe\/"},"modified":"2025-03-06T14:15:53","modified_gmt":"2025-03-06T13:15:53","slug":"notre-equipe","status":"publish","type":"page","link":"https:\/\/www.francebikerentals.com\/fr\/a-propos\/notre-equipe\/","title":{"rendered":"Notre \u00e9quipe"},"content":{"rendered":"\t\t<div data-elementor-type=\"wp-page\" data-elementor-id=\"2971\" class=\"elementor elementor-2971 elementor-634\" data-elementor-settings=\"{&quot;ha_cmc_init_switcher&quot;:&quot;no&quot;}\" data-elementor-post-type=\"page\">\n\t\t\t\t<div class=\"elementor-element elementor-element-8a073a2 e-flex e-con-boxed e-con e-parent\" data-id=\"8a073a2\" data-element_type=\"container\" data-e-type=\"container\" data-settings=\"{&quot;jet_parallax_layout_list&quot;:[],&quot;_ha_eqh_enable&quot;:false}\">\n\t\t\t\t\t<div class=\"e-con-inner\">\n\t\t\t\t<div class=\"elementor-element elementor-element-8ce3186 elementor-widget elementor-widget-menu-anchor\" data-id=\"8ce3186\" data-element_type=\"widget\" data-e-type=\"widget\" data-widget_type=\"menu-anchor.default\">\n\t\t\t\t\t\t\t<div class=\"elementor-menu-anchor\" id=\"contenu\"><\/div>\n\t\t\t\t\t\t<\/div>\n\t\t<div class=\"elementor-element elementor-element-0c69cf4 e-con-full e-flex e-con e-child\" data-id=\"0c69cf4\" data-element_type=\"container\" data-e-type=\"container\" data-settings=\"{&quot;jet_parallax_layout_list&quot;:[],&quot;_ha_eqh_enable&quot;:false}\">\n\t\t\t\t<div class=\"elementor-element elementor-element-0c52363 elementor-widget elementor-widget-text-editor\" data-id=\"0c52363\" data-element_type=\"widget\" data-e-type=\"widget\" data-widget_type=\"text-editor.default\">\n\t\t\t\t\t\t\t\t\t<p>L&rsquo;\u00e9quipe FBR est compos\u00e9e de permanents et de saisonniers. Ensemble, nous sommes \u00e0 votre service : sur notre base logistique de B\u00e9doin, au si\u00e8ge du groupe \u00e0 Montpellier et sur les \u00e9v\u00e9nements. <\/p>\n\t\t\t\t\t\t\t\t<\/div>\n\t\t\t\t<\/div>\n\t\t<div class=\"elementor-element elementor-element-db3dd18 e-con-full e-flex e-con e-child\" data-id=\"db3dd18\" data-element_type=\"container\" data-e-type=\"container\" data-settings=\"{&quot;jet_parallax_layout_list&quot;:[],&quot;_ha_eqh_enable&quot;:false}\">\n\t\t\t\t<div class=\"elementor-element elementor-element-aa3d57d elementor-widget elementor-widget-image\" data-id=\"aa3d57d\" data-element_type=\"widget\" data-e-type=\"widget\" data-widget_type=\"image.default\">\n\t\t\t\t\t\t\t\t\t\t\t\t\t\t\t<img fetchpriority=\"high\" decoding=\"async\" width=\"1120\" height=\"746\" src=\"https:\/\/www.francebikerentals.com\/wp-content\/uploads\/2024\/07\/FBR_web_team_1120x746px.jpg\" class=\"attachment-full size-full wp-image-2068\" alt=\"Team FBR\" srcset=\"https:\/\/www.francebikerentals.com\/wp-content\/uploads\/2024\/07\/FBR_web_team_1120x746px.jpg 1120w, https:\/\/www.francebikerentals.com\/wp-content\/uploads\/2024\/07\/FBR_web_team_1120x746px-300x200.jpg 300w, https:\/\/www.francebikerentals.com\/wp-content\/uploads\/2024\/07\/FBR_web_team_1120x746px-1024x682.jpg 1024w, https:\/\/www.francebikerentals.com\/wp-content\/uploads\/2024\/07\/FBR_web_team_1120x746px-768x512.jpg 768w\" sizes=\"(max-width: 1120px) 100vw, 1120px\" \/>\t\t\t\t\t\t\t\t\t\t\t\t\t\t\t<\/div>\n\t\t\t\t<\/div>\n\t\t\t\t\t<\/div>\n\t\t\t\t<\/div>\n\t\t<div class=\"elementor-element elementor-element-532b5f0 e-flex e-con-boxed e-con e-parent\" data-id=\"532b5f0\" data-element_type=\"container\" data-e-type=\"container\" data-settings=\"{&quot;jet_parallax_layout_list&quot;:[],&quot;_ha_eqh_enable&quot;:false}\">\n\t\t\t\t\t<div class=\"e-con-inner\">\n\t\t<div class=\"elementor-element elementor-element-e828cf4 e-con-full e-flex e-con e-child\" data-id=\"e828cf4\" data-element_type=\"container\" data-e-type=\"container\" data-settings=\"{&quot;jet_parallax_layout_list&quot;:[],&quot;_ha_eqh_enable&quot;:false}\">\n\t\t\t\t<div class=\"elementor-element elementor-element-00ad02b elementor-widget elementor-widget-spacer\" data-id=\"00ad02b\" data-element_type=\"widget\" data-e-type=\"widget\" data-widget_type=\"spacer.default\">\n\t\t\t\t\t\t\t<div class=\"elementor-spacer\">\n\t\t\t<div class=\"elementor-spacer-inner\"><\/div>\n\t\t<\/div>\n\t\t\t\t\t\t<\/div>\n\t\t\t\t<\/div>\n\t\t\t\t\t<\/div>\n\t\t\t\t<\/div>\n\t\t\t\t<\/div>\n\t\t","protected":false},"excerpt":{"rendered":"<p>L&rsquo;\u00e9quipe FBR est compos\u00e9e de permanents et de saisonniers. Ensemble, nous sommes \u00e0 votre service : sur notre base logistique de B\u00e9doin, au si\u00e8ge du groupe \u00e0 Montpellier et sur les \u00e9v\u00e9nements.<\/p>\n","protected":false},"author":1,"featured_media":0,"parent":3170,"menu_order":0,"comment_status":"closed","ping_status":"closed","template":"","meta":{"footnotes":""},"class_list":["post-2971","page","type-page","status-publish","hentry"],"yoast_head":"<!-- This site is optimized with the Yoast SEO Premium plugin v22.9 (Yoast SEO v27.3) - https:\/\/yoast.com\/product\/yoast-seo-premium-wordpress\/ -->\n<title>Notre \u00e9quipe - France Bike Rental<\/title>\n<meta name=\"description\" content=\"L&#039;\u00e9quipe FBR est compos\u00e9e de permanents et de saisonniers. Ensemble, nous sommes \u00e0 votre service : sur notre base logistique de B\u00e9doin, au si\u00e8ge du groupe\" \/>\n<meta name=\"robots\" content=\"index, follow, max-snippet:-1, max-image-preview:large, max-video-preview:-1\" \/>\n<link rel=\"canonical\" href=\"https:\/\/www.francebikerentals.com\/fr\/a-propos\/notre-equipe\/\" \/>\n<meta property=\"og:locale\" content=\"fr_FR\" \/>\n<meta property=\"og:type\" content=\"article\" \/>\n<meta property=\"og:title\" content=\"Notre \u00e9quipe\" \/>\n<meta property=\"og:description\" content=\"L&#039;\u00e9quipe FBR est compos\u00e9e de permanents et de saisonniers. Ensemble, nous sommes \u00e0 votre service : sur notre base logistique de B\u00e9doin, au si\u00e8ge du groupe\" \/>\n<meta property=\"og:url\" content=\"https:\/\/www.francebikerentals.com\/fr\/a-propos\/notre-equipe\/\" \/>\n<meta property=\"og:site_name\" content=\"France Bike Rental\" \/>\n<meta property=\"article:modified_time\" content=\"2025-03-06T13:15:53+00:00\" \/>\n<meta property=\"og:image\" content=\"https:\/\/www.francebikerentals.com\/wp-content\/uploads\/2024\/07\/FBR_web_team_1120x746px.jpg\" \/>\n\t<meta property=\"og:image:width\" content=\"1120\" \/>\n\t<meta property=\"og:image:height\" content=\"746\" \/>\n\t<meta property=\"og:image:type\" content=\"image\/jpeg\" \/>\n<meta name=\"twitter:card\" content=\"summary_large_image\" \/>\n<script type=\"application\/ld+json\" class=\"yoast-schema-graph\">{\"@context\":\"https:\\\/\\\/schema.org\",\"@graph\":[{\"@type\":\"WebPage\",\"@id\":\"https:\\\/\\\/www.francebikerentals.com\\\/fr\\\/a-propos\\\/notre-equipe\\\/\",\"url\":\"https:\\\/\\\/www.francebikerentals.com\\\/fr\\\/a-propos\\\/notre-equipe\\\/\",\"name\":\"Notre \u00e9quipe - France Bike Rental\",\"isPartOf\":{\"@id\":\"https:\\\/\\\/www.francebikerentals.com\\\/#website\"},\"primaryImageOfPage\":{\"@id\":\"https:\\\/\\\/www.francebikerentals.com\\\/fr\\\/a-propos\\\/notre-equipe\\\/#primaryimage\"},\"image\":{\"@id\":\"https:\\\/\\\/www.francebikerentals.com\\\/fr\\\/a-propos\\\/notre-equipe\\\/#primaryimage\"},\"thumbnailUrl\":\"https:\\\/\\\/www.francebikerentals.com\\\/wp-content\\\/uploads\\\/2024\\\/07\\\/FBR_web_team_1120x746px.jpg\",\"datePublished\":\"2024-06-21T14:33:52+00:00\",\"dateModified\":\"2025-03-06T13:15:53+00:00\",\"description\":\"L'\u00e9quipe FBR est compos\u00e9e de permanents et de saisonniers. Ensemble, nous sommes \u00e0 votre service : sur notre base logistique de B\u00e9doin, au si\u00e8ge du groupe\",\"breadcrumb\":{\"@id\":\"https:\\\/\\\/www.francebikerentals.com\\\/fr\\\/a-propos\\\/notre-equipe\\\/#breadcrumb\"},\"inLanguage\":\"fr-FR\",\"potentialAction\":[{\"@type\":\"ReadAction\",\"target\":[\"https:\\\/\\\/www.francebikerentals.com\\\/fr\\\/a-propos\\\/notre-equipe\\\/\"]}]},{\"@type\":\"ImageObject\",\"inLanguage\":\"fr-FR\",\"@id\":\"https:\\\/\\\/www.francebikerentals.com\\\/fr\\\/a-propos\\\/notre-equipe\\\/#primaryimage\",\"url\":\"https:\\\/\\\/www.francebikerentals.com\\\/wp-content\\\/uploads\\\/2024\\\/07\\\/FBR_web_team_1120x746px.jpg\",\"contentUrl\":\"https:\\\/\\\/www.francebikerentals.com\\\/wp-content\\\/uploads\\\/2024\\\/07\\\/FBR_web_team_1120x746px.jpg\"},{\"@type\":\"BreadcrumbList\",\"@id\":\"https:\\\/\\\/www.francebikerentals.com\\\/fr\\\/a-propos\\\/notre-equipe\\\/#breadcrumb\",\"itemListElement\":[{\"@type\":\"ListItem\",\"position\":1,\"name\":\"Accueil\",\"item\":\"https:\\\/\\\/www.francebikerentals.com\\\/fr\\\/\"},{\"@type\":\"ListItem\",\"position\":2,\"name\":\"\u00c0 propos\",\"item\":\"https:\\\/\\\/www.francebikerentals.com\\\/fr\\\/a-propos\\\/\"},{\"@type\":\"ListItem\",\"position\":3,\"name\":\"Notre \u00e9quipe\"}]},{\"@type\":\"WebSite\",\"@id\":\"https:\\\/\\\/www.francebikerentals.com\\\/#website\",\"url\":\"https:\\\/\\\/www.francebikerentals.com\\\/\",\"name\":\"France Bike Rental\",\"description\":\"Your bike rental company\",\"publisher\":{\"@id\":\"https:\\\/\\\/www.francebikerentals.com\\\/#organization\"},\"potentialAction\":[{\"@type\":\"SearchAction\",\"target\":{\"@type\":\"EntryPoint\",\"urlTemplate\":\"https:\\\/\\\/www.francebikerentals.com\\\/?s={search_term_string}\"},\"query-input\":{\"@type\":\"PropertyValueSpecification\",\"valueRequired\":true,\"valueName\":\"search_term_string\"}}],\"inLanguage\":\"fr-FR\"},{\"@type\":\"Organization\",\"@id\":\"https:\\\/\\\/www.francebikerentals.com\\\/#organization\",\"name\":\"France Bike Rentals\",\"url\":\"https:\\\/\\\/www.francebikerentals.com\\\/\",\"logo\":{\"@type\":\"ImageObject\",\"inLanguage\":\"fr-FR\",\"@id\":\"https:\\\/\\\/www.francebikerentals.com\\\/#\\\/schema\\\/logo\\\/image\\\/\",\"url\":\"https:\\\/\\\/www.francebikerentals.com\\\/wp-content\\\/uploads\\\/2024\\\/07\\\/cropped-FBR_icon_512x512px.png\",\"contentUrl\":\"https:\\\/\\\/www.francebikerentals.com\\\/wp-content\\\/uploads\\\/2024\\\/07\\\/cropped-FBR_icon_512x512px.png\",\"width\":512,\"height\":512,\"caption\":\"France Bike Rentals\"},\"image\":{\"@id\":\"https:\\\/\\\/www.francebikerentals.com\\\/#\\\/schema\\\/logo\\\/image\\\/\"}}]}<\/script>\n<!-- \/ Yoast SEO Premium plugin. -->","yoast_head_json":{"title":"Notre \u00e9quipe - France Bike Rental","description":"L'\u00e9quipe FBR est compos\u00e9e de permanents et de saisonniers. Ensemble, nous sommes \u00e0 votre service : sur notre base logistique de B\u00e9doin, au si\u00e8ge du groupe","robots":{"index":"index","follow":"follow","max-snippet":"max-snippet:-1","max-image-preview":"max-image-preview:large","max-video-preview":"max-video-preview:-1"},"canonical":"https:\/\/www.francebikerentals.com\/fr\/a-propos\/notre-equipe\/","og_locale":"fr_FR","og_type":"article","og_title":"Notre \u00e9quipe","og_description":"L'\u00e9quipe FBR est compos\u00e9e de permanents et de saisonniers. Ensemble, nous sommes \u00e0 votre service : sur notre base logistique de B\u00e9doin, au si\u00e8ge du groupe","og_url":"https:\/\/www.francebikerentals.com\/fr\/a-propos\/notre-equipe\/","og_site_name":"France Bike Rental","article_modified_time":"2025-03-06T13:15:53+00:00","og_image":[{"width":1120,"height":746,"url":"https:\/\/www.francebikerentals.com\/wp-content\/uploads\/2024\/07\/FBR_web_team_1120x746px.jpg","type":"image\/jpeg"}],"twitter_card":"summary_large_image","schema":{"@context":"https:\/\/schema.org","@graph":[{"@type":"WebPage","@id":"https:\/\/www.francebikerentals.com\/fr\/a-propos\/notre-equipe\/","url":"https:\/\/www.francebikerentals.com\/fr\/a-propos\/notre-equipe\/","name":"Notre \u00e9quipe - France Bike Rental","isPartOf":{"@id":"https:\/\/www.francebikerentals.com\/#website"},"primaryImageOfPage":{"@id":"https:\/\/www.francebikerentals.com\/fr\/a-propos\/notre-equipe\/#primaryimage"},"image":{"@id":"https:\/\/www.francebikerentals.com\/fr\/a-propos\/notre-equipe\/#primaryimage"},"thumbnailUrl":"https:\/\/www.francebikerentals.com\/wp-content\/uploads\/2024\/07\/FBR_web_team_1120x746px.jpg","datePublished":"2024-06-21T14:33:52+00:00","dateModified":"2025-03-06T13:15:53+00:00","description":"L'\u00e9quipe FBR est compos\u00e9e de permanents et de saisonniers. Ensemble, nous sommes \u00e0 votre service : sur notre base logistique de B\u00e9doin, au si\u00e8ge du groupe","breadcrumb":{"@id":"https:\/\/www.francebikerentals.com\/fr\/a-propos\/notre-equipe\/#breadcrumb"},"inLanguage":"fr-FR","potentialAction":[{"@type":"ReadAction","target":["https:\/\/www.francebikerentals.com\/fr\/a-propos\/notre-equipe\/"]}]},{"@type":"ImageObject","inLanguage":"fr-FR","@id":"https:\/\/www.francebikerentals.com\/fr\/a-propos\/notre-equipe\/#primaryimage","url":"https:\/\/www.francebikerentals.com\/wp-content\/uploads\/2024\/07\/FBR_web_team_1120x746px.jpg","contentUrl":"https:\/\/www.francebikerentals.com\/wp-content\/uploads\/2024\/07\/FBR_web_team_1120x746px.jpg"},{"@type":"BreadcrumbList","@id":"https:\/\/www.francebikerentals.com\/fr\/a-propos\/notre-equipe\/#breadcrumb","itemListElement":[{"@type":"ListItem","position":1,"name":"Accueil","item":"https:\/\/www.francebikerentals.com\/fr\/"},{"@type":"ListItem","position":2,"name":"\u00c0 propos","item":"https:\/\/www.francebikerentals.com\/fr\/a-propos\/"},{"@type":"ListItem","position":3,"name":"Notre \u00e9quipe"}]},{"@type":"WebSite","@id":"https:\/\/www.francebikerentals.com\/#website","url":"https:\/\/www.francebikerentals.com\/","name":"France Bike Rental","description":"Your bike rental company","publisher":{"@id":"https:\/\/www.francebikerentals.com\/#organization"},"potentialAction":[{"@type":"SearchAction","target":{"@type":"EntryPoint","urlTemplate":"https:\/\/www.francebikerentals.com\/?s={search_term_string}"},"query-input":{"@type":"PropertyValueSpecification","valueRequired":true,"valueName":"search_term_string"}}],"inLanguage":"fr-FR"},{"@type":"Organization","@id":"https:\/\/www.francebikerentals.com\/#organization","name":"France Bike Rentals","url":"https:\/\/www.francebikerentals.com\/","logo":{"@type":"ImageObject","inLanguage":"fr-FR","@id":"https:\/\/www.francebikerentals.com\/#\/schema\/logo\/image\/","url":"https:\/\/www.francebikerentals.com\/wp-content\/uploads\/2024\/07\/cropped-FBR_icon_512x512px.png","contentUrl":"https:\/\/www.francebikerentals.com\/wp-content\/uploads\/2024\/07\/cropped-FBR_icon_512x512px.png","width":512,"height":512,"caption":"France Bike Rentals"},"image":{"@id":"https:\/\/www.francebikerentals.com\/#\/schema\/logo\/image\/"}}]}},"_links":{"self":[{"href":"https:\/\/www.francebikerentals.com\/fr\/wp-json\/wp\/v2\/pages\/2971","targetHints":{"allow":["GET"]}}],"collection":[{"href":"https:\/\/www.francebikerentals.com\/fr\/wp-json\/wp\/v2\/pages"}],"about":[{"href":"https:\/\/www.francebikerentals.com\/fr\/wp-json\/wp\/v2\/types\/page"}],"author":[{"embeddable":true,"href":"https:\/\/www.francebikerentals.com\/fr\/wp-json\/wp\/v2\/users\/1"}],"replies":[{"embeddable":true,"href":"https:\/\/www.francebikerentals.com\/fr\/wp-json\/wp\/v2\/comments?post=2971"}],"version-history":[{"count":2,"href":"https:\/\/www.francebikerentals.com\/fr\/wp-json\/wp\/v2\/pages\/2971\/revisions"}],"predecessor-version":[{"id":6929,"href":"https:\/\/www.francebikerentals.com\/fr\/wp-json\/wp\/v2\/pages\/2971\/revisions\/6929"}],"up":[{"embeddable":true,"href":"https:\/\/www.francebikerentals.com\/fr\/wp-json\/wp\/v2\/pages\/3170"}],"wp:attachment":[{"href":"https:\/\/www.francebikerentals.com\/fr\/wp-json\/wp\/v2\/media?parent=2971"}],"curies":[{"name":"wp","href":"https:\/\/api.w.org\/{rel}","templated":true}]}}