{"id":5314,"date":"2024-11-06T10:47:55","date_gmt":"2024-11-06T09:47:55","guid":{"rendered":"https:\/\/www.francebikerentals.com\/?page_id=5314"},"modified":"2025-01-08T16:24:10","modified_gmt":"2025-01-08T15:24:10","slug":"nous-rejoindre","status":"publish","type":"page","link":"https:\/\/www.francebikerentals.com\/fr\/nous-rejoindre\/","title":{"rendered":"Nous rejoindre"},"content":{"rendered":"\t\t<div data-elementor-type=\"wp-page\" data-elementor-id=\"5314\" class=\"elementor elementor-5314 elementor-5313\" data-elementor-settings=\"{&quot;ha_cmc_init_switcher&quot;:&quot;no&quot;}\" data-elementor-post-type=\"page\">\n\t\t\t\t<div class=\"elementor-element elementor-element-1d394f3 e-flex e-con-boxed e-con e-parent\" data-id=\"1d394f3\" data-element_type=\"container\" data-e-type=\"container\" data-settings=\"{&quot;jet_parallax_layout_list&quot;:[],&quot;_ha_eqh_enable&quot;:false}\">\n\t\t\t\t\t<div class=\"e-con-inner\">\n\t\t<div class=\"elementor-element elementor-element-e828cf4 e-con-full e-flex e-con e-child\" data-id=\"e828cf4\" data-element_type=\"container\" data-e-type=\"container\" data-settings=\"{&quot;jet_parallax_layout_list&quot;:[],&quot;_ha_eqh_enable&quot;:false}\">\n\t\t\t\t<div class=\"elementor-element elementor-element-722a951 elementor-widget elementor-widget-menu-anchor\" data-id=\"722a951\" data-element_type=\"widget\" data-e-type=\"widget\" data-widget_type=\"menu-anchor.default\">\n\t\t\t\t\t\t\t<div class=\"elementor-menu-anchor\" id=\"contenu\"><\/div>\n\t\t\t\t\t\t<\/div>\n\t\t\t\t<\/div>\n\t\t\t\t\t<\/div>\n\t\t\t\t<\/div>\n\t\t<div class=\"elementor-element elementor-element-f5582ed e-flex e-con-boxed e-con e-parent\" data-id=\"f5582ed\" data-element_type=\"container\" data-e-type=\"container\" data-settings=\"{&quot;jet_parallax_layout_list&quot;:[],&quot;_ha_eqh_enable&quot;:false}\">\n\t\t\t\t\t<div class=\"e-con-inner\">\n\t\t\t\t<div class=\"elementor-element elementor-element-0d0f814 elementor-widget elementor-widget-text-editor\" data-id=\"0d0f814\" data-element_type=\"widget\" data-e-type=\"widget\" data-widget_type=\"text-editor.default\">\n\t\t\t\t\t\t\t\t\t<p>D\u00e9couvrez les postes pour lesquels nous recherchons de nouveaux co\u00e9quipiers motiv\u00e9s.<\/p>\n<p>Envoyez-nous votre candidature par courrier \u00e9lectronique : <strong style=\"text-align: var(--text-align); background-color: var( --e-global-color-f5b823e ); color: var( --e-global-color-text ); font-family: var( --e-global-typography-text-font-family ), Sans-serif; font-size: 1rem;\">recrutement@revedevelo.com<\/strong><\/p>\n\t\t\t\t\t\t\t\t<\/div>\n\t\t<div class=\"elementor-element elementor-element-1b3f6c9 e-con-full e-flex e-con e-child\" data-id=\"1b3f6c9\" data-element_type=\"container\" data-e-type=\"container\" data-settings=\"{&quot;jet_parallax_layout_list&quot;:[],&quot;_ha_eqh_enable&quot;:false}\">\n\t\t<div class=\"elementor-element elementor-element-7b18a00 e-con-full e-flex e-con e-child\" data-id=\"7b18a00\" data-element_type=\"container\" data-e-type=\"container\" data-settings=\"{&quot;background_background&quot;:&quot;classic&quot;,&quot;jet_parallax_layout_list&quot;:[],&quot;_ha_eqh_enable&quot;:false}\">\n\t\t\t\t<div class=\"elementor-element elementor-element-045b35c elementor-view-default elementor-position-block-start elementor-mobile-position-block-start elementor-widget elementor-widget-icon-box\" data-id=\"045b35c\" data-element_type=\"widget\" data-e-type=\"widget\" data-widget_type=\"icon-box.default\">\n\t\t\t\t\t\t\t<div class=\"elementor-icon-box-wrapper\">\n\n\t\t\t\t\t\t<div class=\"elementor-icon-box-icon\">\n\t\t\t\t<span  class=\"elementor-icon\">\n\t\t\t\t<svg xmlns=\"http:\/\/www.w3.org\/2000\/svg\" id=\"Calque_1\" data-name=\"Calque 1\" viewBox=\"0 0 44.77 28.12\"><defs><style>      .cls-1 {        fill: #fff;        stroke-width: 0px;      }    <\/style><\/defs><path class=\"cls-1\" d=\"m15.43,6.79c0,1.81.7,3.51,1.99,4.79,1.28,1.28,2.98,1.99,4.79,1.99s3.51-.7,4.79-1.99c2.64-2.65,2.64-6.95,0-9.59-1.28-1.28-2.98-1.99-4.79-1.99s-3.51.7-4.79,1.99c-1.28,1.29-1.99,2.99-1.99,4.8h0Zm6.78-5.04c1.34,0,2.61.52,3.56,1.48,1.97,1.97,1.97,5.16,0,7.13-.95.95-2.22,1.48-3.56,1.48s-2.61-.52-3.56-1.48c-.95-.95-1.48-2.22-1.48-3.56s.52-2.61,1.48-3.56c.95-.96,2.22-1.48,3.56-1.48Z\"><\/path><path class=\"cls-1\" d=\"m33.3,10.3c-1.94,1.94-1.94,5.11,0,7.06.97.97,2.25,1.46,3.53,1.46s2.55-.49,3.53-1.46c.94-.94,1.46-2.19,1.46-3.53s-.52-2.59-1.46-3.53c-1.95-1.94-5.12-1.94-7.06,0h0Zm5.82,5.83c-1.27,1.26-3.32,1.26-4.59,0-1.26-1.27-1.26-3.32,0-4.59.61-.61,1.43-.95,2.29-.95s1.68.34,2.3.95c.62.61.95,1.43.95,2.29,0,.87-.33,1.69-.95,2.3Z\"><\/path><path class=\"cls-1\" d=\"m2.98,13.83c0,1.33.52,2.59,1.46,3.53.94.94,2.19,1.46,3.53,1.46s2.59-.52,3.53-1.46c.94-.94,1.46-2.19,1.46-3.53s-.52-2.59-1.46-3.53-2.19-1.46-3.53-1.46-2.59.52-3.53,1.46c-.94.94-1.46,2.2-1.46,3.53Zm2.7-2.3c.61-.61,1.43-.95,2.29-.95s1.68.34,2.29.95c.61.61.95,1.43.95,2.29s-.34,1.68-.95,2.29c-.61.61-1.43.95-2.29.95s-1.68-.34-2.29-.95-.95-1.43-.95-2.29c0-.86.33-1.68.95-2.29Z\"><\/path><path class=\"cls-1\" d=\"m.89,28.12h9.41s.03,0,.05,0c.02,0,.03,0,.05,0h23.64c.08,0,.16-.01.23-.03.08.02.15.03.23.03h9.41c.48,0,.87-.39.87-.87,0-.53-.05-1.06-.16-1.58-.1-.51-.26-1-.46-1.47-.2-.46-.44-.91-.73-1.33-.28-.41-.6-.8-.96-1.16-.35-.35-.75-.68-1.16-.96-.42-.28-.87-.53-1.33-.73-.48-.2-.97-.35-1.47-.46-.52-.1-1.05-.16-1.63-.16h-.16c-.53,0-1.06.05-1.58.16-.5.1-1,.26-1.47.46-.27.12-.54.25-.8.4-2.23-3.42-6.09-5.68-10.47-5.68h-.37c-4.32,0-8.13,2.2-10.38,5.53-.18-.09-.34-.18-.52-.25-.48-.2-.97-.35-1.47-.46-.52-.1-1.05-.16-1.63-.16h-.16c-.53,0-1.06.05-1.58.16-.5.1-1,.26-1.47.46-.47.2-.91.44-1.33.73-.41.28-.8.6-1.16.96s-.68.75-.96,1.16c-.28.42-.53.87-.73,1.33-.2.47-.35.97-.46,1.47-.1.52-.16,1.05-.16,1.58.02.48.41.87.89.87h0Zm33.46-6.49c.37-.16.75-.28,1.14-.35.4-.08.81-.12,1.28-.12h.16c.41,0,.83.04,1.23.12.39.08.77.2,1.14.35.36.15.71.34,1.04.56.33.22.63.47.91.75.28.28.53.58.75.91.22.33.41.68.56,1.04.16.37.27.75.35,1.14.02.12.05.23.06.35h-8.11c-.11-1.58-.51-3.06-1.15-4.43.21-.12.42-.23.63-.33h0Zm-12.31-5.14h.37c5.64,0,10.29,4.36,10.73,9.89H11.3c.13-1.56.59-3.02,1.32-4.32.03-.03.06-.06.08-.09.05-.08.09-.17.12-.26,1.88-3.12,5.31-5.22,9.22-5.22h0ZM1.89,26.03c.08-.39.2-.77.35-1.14.15-.36.34-.71.56-1.04.22-.33.47-.63.75-.91.28-.28.58-.53.91-.75s.68-.41,1.04-.56c.37-.16.75-.27,1.14-.35.4-.08.81-.12,1.28-.12h.16c.41,0,.83.04,1.23.12.39.08.77.2,1.14.35.12.05.23.11.34.16-.69,1.4-1.11,2.95-1.23,4.58H1.83c.02-.12.04-.23.06-.35h0Z\"><\/path><\/svg>\t\t\t\t<\/span>\n\t\t\t<\/div>\n\t\t\t\n\t\t\t\t\t\t<div class=\"elementor-icon-box-content\">\n\n\t\t\t\t\t\t\t\t\t<h3 class=\"elementor-icon-box-title\">\n\t\t\t\t\t\t<span  >\n\t\t\t\t\t\t\tM\u00e9canicien v\u00e9lo H\/F\t\t\t\t\t\t<\/span>\n\t\t\t\t\t<\/h3>\n\t\t\t\t\n\t\t\t\t\n\t\t\t<\/div>\n\t\t\t\n\t\t<\/div>\n\t\t\t\t\t\t<\/div>\n\t\t\t\t<div data-dce-background-color=\"#02010100\" class=\"elementor-element elementor-element-0a22710 elementor-align-right elementor-widget elementor-widget-button\" data-id=\"0a22710\" data-element_type=\"widget\" data-e-type=\"widget\" data-widget_type=\"button.default\">\n\t\t\t\t\t\t\t\t\t\t<a class=\"elementor-button elementor-button-link elementor-size-sm\" href=\"https:\/\/www.francebikerentals.com\/wp-content\/uploads\/2024\/12\/FBR-Mecanicien-cycles-h_f-112024.pdf\" target=\"_blank\">\n\t\t\t\t\t\t<span class=\"elementor-button-content-wrapper\">\n\t\t\t\t\t\t<span class=\"elementor-button-icon\">\n\t\t\t\t<svg aria-hidden=\"true\" class=\"e-font-icon-svg e-fas-arrow-right\" viewBox=\"0 0 448 512\" xmlns=\"http:\/\/www.w3.org\/2000\/svg\"><path d=\"M190.5 66.9l22.2-22.2c9.4-9.4 24.6-9.4 33.9 0L441 239c9.4 9.4 9.4 24.6 0 33.9L246.6 467.3c-9.4 9.4-24.6 9.4-33.9 0l-22.2-22.2c-9.5-9.5-9.3-25 .4-34.3L311.4 296H24c-13.3 0-24-10.7-24-24v-32c0-13.3 10.7-24 24-24h287.4L190.9 101.2c-9.8-9.3-10-24.8-.4-34.3z\"><\/path><\/svg>\t\t\t<\/span>\n\t\t\t\t\t\t\t\t<\/span>\n\t\t\t\t\t<\/a>\n\t\t\t\t\t\t\t\t<\/div>\n\t\t\t\t<\/div>\n\t\t\t\t<div class=\"elementor-element elementor-element-e14afb5 elementor-widget elementor-widget-image\" data-id=\"e14afb5\" data-element_type=\"widget\" data-e-type=\"widget\" data-widget_type=\"image.default\">\n\t\t\t\t\t\t\t\t\t\t\t\t\t\t\t<img fetchpriority=\"high\" decoding=\"async\" width=\"800\" height=\"534\" src=\"https:\/\/www.francebikerentals.com\/wp-content\/uploads\/2024\/12\/FBR_images_about-us-recruting_550x367px-1024x683.jpg\" class=\"attachment-large size-large wp-image-5881\" alt=\"FBR join us - recruting\" srcset=\"https:\/\/www.francebikerentals.com\/wp-content\/uploads\/2024\/12\/FBR_images_about-us-recruting_550x367px-1024x683.jpg 1024w, https:\/\/www.francebikerentals.com\/wp-content\/uploads\/2024\/12\/FBR_images_about-us-recruting_550x367px-300x200.jpg 300w, https:\/\/www.francebikerentals.com\/wp-content\/uploads\/2024\/12\/FBR_images_about-us-recruting_550x367px-768x512.jpg 768w, https:\/\/www.francebikerentals.com\/wp-content\/uploads\/2024\/12\/FBR_images_about-us-recruting_550x367px-1536x1025.jpg 1536w, https:\/\/www.francebikerentals.com\/wp-content\/uploads\/2024\/12\/FBR_images_about-us-recruting_550x367px-2048x1366.jpg 2048w\" sizes=\"(max-width: 800px) 100vw, 800px\" \/>\t\t\t\t\t\t\t\t\t\t\t\t\t\t\t<\/div>\n\t\t\t\t<\/div>\n\t\t\t\t\t<\/div>\n\t\t\t\t<\/div>\n\t\t\t\t<\/div>\n\t\t","protected":false},"excerpt":{"rendered":"<p>D\u00e9couvrez les postes pour lesquels nous recherchons de nouveaux co\u00e9quipiers motiv\u00e9s. Envoyez-nous votre candidature par courrier \u00e9lectronique : recrutement@revedevelo.com M\u00e9canicien v\u00e9lo H\/F<\/p>\n","protected":false},"author":5,"featured_media":0,"parent":0,"menu_order":0,"comment_status":"closed","ping_status":"closed","template":"","meta":{"footnotes":""},"class_list":["post-5314","page","type-page","status-publish","hentry"],"yoast_head":"<!-- This site is optimized with the Yoast SEO Premium plugin v22.9 (Yoast SEO v27.5) - https:\/\/yoast.com\/product\/yoast-seo-premium-wordpress\/ -->\n<title>Nous rejoindre - France Bike Rental<\/title>\n<meta name=\"description\" content=\"D\u00e9couvrez les postes pour lesquels nous recherchons de nouveaux co\u00e9quipiers motiv\u00e9s. Envoyez-nous votre candidature par courrier \u00e9lectronique :\" \/>\n<meta name=\"robots\" content=\"index, follow, max-snippet:-1, max-image-preview:large, max-video-preview:-1\" \/>\n<link rel=\"canonical\" href=\"https:\/\/www.francebikerentals.com\/fr\/nous-rejoindre\/\" \/>\n<meta property=\"og:locale\" content=\"fr_FR\" \/>\n<meta property=\"og:type\" content=\"article\" \/>\n<meta property=\"og:title\" content=\"Nous rejoindre\" \/>\n<meta property=\"og:description\" content=\"D\u00e9couvrez les postes pour lesquels nous recherchons de nouveaux co\u00e9quipiers motiv\u00e9s. Envoyez-nous votre candidature par courrier \u00e9lectronique :\" \/>\n<meta property=\"og:url\" content=\"https:\/\/www.francebikerentals.com\/fr\/nous-rejoindre\/\" \/>\n<meta property=\"og:site_name\" content=\"France Bike Rental\" \/>\n<meta property=\"article:modified_time\" content=\"2025-01-08T15:24:10+00:00\" \/>\n<meta property=\"og:image\" content=\"https:\/\/www.francebikerentals.com\/wp-content\/uploads\/2024\/12\/FBR_images_about-us-recruting_550x367px.jpg\" \/>\n\t<meta property=\"og:image:width\" content=\"2292\" \/>\n\t<meta property=\"og:image:height\" content=\"1529\" \/>\n\t<meta property=\"og:image:type\" content=\"image\/jpeg\" \/>\n<meta name=\"twitter:card\" content=\"summary_large_image\" \/>\n<meta name=\"twitter:label1\" content=\"Dur\u00e9e de lecture estim\u00e9e\" \/>\n\t<meta name=\"twitter:data1\" content=\"1 minute\" \/>\n<script type=\"application\/ld+json\" class=\"yoast-schema-graph\">{\"@context\":\"https:\\\/\\\/schema.org\",\"@graph\":[{\"@type\":\"WebPage\",\"@id\":\"https:\\\/\\\/www.francebikerentals.com\\\/fr\\\/nous-rejoindre\\\/\",\"url\":\"https:\\\/\\\/www.francebikerentals.com\\\/fr\\\/nous-rejoindre\\\/\",\"name\":\"Nous rejoindre - France Bike Rental\",\"isPartOf\":{\"@id\":\"https:\\\/\\\/www.francebikerentals.com\\\/#website\"},\"primaryImageOfPage\":{\"@id\":\"https:\\\/\\\/www.francebikerentals.com\\\/fr\\\/nous-rejoindre\\\/#primaryimage\"},\"image\":{\"@id\":\"https:\\\/\\\/www.francebikerentals.com\\\/fr\\\/nous-rejoindre\\\/#primaryimage\"},\"thumbnailUrl\":\"https:\\\/\\\/www.francebikerentals.com\\\/wp-content\\\/uploads\\\/2024\\\/12\\\/FBR_images_about-us-recruting_550x367px-1024x683.jpg\",\"datePublished\":\"2024-11-06T09:47:55+00:00\",\"dateModified\":\"2025-01-08T15:24:10+00:00\",\"description\":\"D\u00e9couvrez les postes pour lesquels nous recherchons de nouveaux co\u00e9quipiers motiv\u00e9s. Envoyez-nous votre candidature par courrier \u00e9lectronique :\",\"breadcrumb\":{\"@id\":\"https:\\\/\\\/www.francebikerentals.com\\\/fr\\\/nous-rejoindre\\\/#breadcrumb\"},\"inLanguage\":\"fr-FR\",\"potentialAction\":[{\"@type\":\"ReadAction\",\"target\":[\"https:\\\/\\\/www.francebikerentals.com\\\/fr\\\/nous-rejoindre\\\/\"]}]},{\"@type\":\"ImageObject\",\"inLanguage\":\"fr-FR\",\"@id\":\"https:\\\/\\\/www.francebikerentals.com\\\/fr\\\/nous-rejoindre\\\/#primaryimage\",\"url\":\"https:\\\/\\\/www.francebikerentals.com\\\/wp-content\\\/uploads\\\/2024\\\/12\\\/FBR_images_about-us-recruting_550x367px-1024x683.jpg\",\"contentUrl\":\"https:\\\/\\\/www.francebikerentals.com\\\/wp-content\\\/uploads\\\/2024\\\/12\\\/FBR_images_about-us-recruting_550x367px-1024x683.jpg\"},{\"@type\":\"BreadcrumbList\",\"@id\":\"https:\\\/\\\/www.francebikerentals.com\\\/fr\\\/nous-rejoindre\\\/#breadcrumb\",\"itemListElement\":[{\"@type\":\"ListItem\",\"position\":1,\"name\":\"Accueil\",\"item\":\"https:\\\/\\\/www.francebikerentals.com\\\/\"},{\"@type\":\"ListItem\",\"position\":2,\"name\":\"Nous rejoindre\"}]},{\"@type\":\"WebSite\",\"@id\":\"https:\\\/\\\/www.francebikerentals.com\\\/#website\",\"url\":\"https:\\\/\\\/www.francebikerentals.com\\\/\",\"name\":\"France Bike Rental\",\"description\":\"Your bike rental company\",\"publisher\":{\"@id\":\"https:\\\/\\\/www.francebikerentals.com\\\/#organization\"},\"potentialAction\":[{\"@type\":\"SearchAction\",\"target\":{\"@type\":\"EntryPoint\",\"urlTemplate\":\"https:\\\/\\\/www.francebikerentals.com\\\/?s={search_term_string}\"},\"query-input\":{\"@type\":\"PropertyValueSpecification\",\"valueRequired\":true,\"valueName\":\"search_term_string\"}}],\"inLanguage\":\"fr-FR\"},{\"@type\":\"Organization\",\"@id\":\"https:\\\/\\\/www.francebikerentals.com\\\/#organization\",\"name\":\"France Bike Rentals\",\"url\":\"https:\\\/\\\/www.francebikerentals.com\\\/\",\"logo\":{\"@type\":\"ImageObject\",\"inLanguage\":\"fr-FR\",\"@id\":\"https:\\\/\\\/www.francebikerentals.com\\\/#\\\/schema\\\/logo\\\/image\\\/\",\"url\":\"https:\\\/\\\/www.francebikerentals.com\\\/wp-content\\\/uploads\\\/2024\\\/07\\\/cropped-FBR_icon_512x512px.png\",\"contentUrl\":\"https:\\\/\\\/www.francebikerentals.com\\\/wp-content\\\/uploads\\\/2024\\\/07\\\/cropped-FBR_icon_512x512px.png\",\"width\":512,\"height\":512,\"caption\":\"France Bike Rentals\"},\"image\":{\"@id\":\"https:\\\/\\\/www.francebikerentals.com\\\/#\\\/schema\\\/logo\\\/image\\\/\"}}]}<\/script>\n<!-- \/ Yoast SEO Premium plugin. -->","yoast_head_json":{"title":"Nous rejoindre - France Bike Rental","description":"D\u00e9couvrez les postes pour lesquels nous recherchons de nouveaux co\u00e9quipiers motiv\u00e9s. Envoyez-nous votre candidature par courrier \u00e9lectronique :","robots":{"index":"index","follow":"follow","max-snippet":"max-snippet:-1","max-image-preview":"max-image-preview:large","max-video-preview":"max-video-preview:-1"},"canonical":"https:\/\/www.francebikerentals.com\/fr\/nous-rejoindre\/","og_locale":"fr_FR","og_type":"article","og_title":"Nous rejoindre","og_description":"D\u00e9couvrez les postes pour lesquels nous recherchons de nouveaux co\u00e9quipiers motiv\u00e9s. Envoyez-nous votre candidature par courrier \u00e9lectronique :","og_url":"https:\/\/www.francebikerentals.com\/fr\/nous-rejoindre\/","og_site_name":"France Bike Rental","article_modified_time":"2025-01-08T15:24:10+00:00","og_image":[{"width":2292,"height":1529,"url":"https:\/\/www.francebikerentals.com\/wp-content\/uploads\/2024\/12\/FBR_images_about-us-recruting_550x367px.jpg","type":"image\/jpeg"}],"twitter_card":"summary_large_image","twitter_misc":{"Dur\u00e9e de lecture estim\u00e9e":"1 minute"},"schema":{"@context":"https:\/\/schema.org","@graph":[{"@type":"WebPage","@id":"https:\/\/www.francebikerentals.com\/fr\/nous-rejoindre\/","url":"https:\/\/www.francebikerentals.com\/fr\/nous-rejoindre\/","name":"Nous rejoindre - France Bike Rental","isPartOf":{"@id":"https:\/\/www.francebikerentals.com\/#website"},"primaryImageOfPage":{"@id":"https:\/\/www.francebikerentals.com\/fr\/nous-rejoindre\/#primaryimage"},"image":{"@id":"https:\/\/www.francebikerentals.com\/fr\/nous-rejoindre\/#primaryimage"},"thumbnailUrl":"https:\/\/www.francebikerentals.com\/wp-content\/uploads\/2024\/12\/FBR_images_about-us-recruting_550x367px-1024x683.jpg","datePublished":"2024-11-06T09:47:55+00:00","dateModified":"2025-01-08T15:24:10+00:00","description":"D\u00e9couvrez les postes pour lesquels nous recherchons de nouveaux co\u00e9quipiers motiv\u00e9s. Envoyez-nous votre candidature par courrier \u00e9lectronique :","breadcrumb":{"@id":"https:\/\/www.francebikerentals.com\/fr\/nous-rejoindre\/#breadcrumb"},"inLanguage":"fr-FR","potentialAction":[{"@type":"ReadAction","target":["https:\/\/www.francebikerentals.com\/fr\/nous-rejoindre\/"]}]},{"@type":"ImageObject","inLanguage":"fr-FR","@id":"https:\/\/www.francebikerentals.com\/fr\/nous-rejoindre\/#primaryimage","url":"https:\/\/www.francebikerentals.com\/wp-content\/uploads\/2024\/12\/FBR_images_about-us-recruting_550x367px-1024x683.jpg","contentUrl":"https:\/\/www.francebikerentals.com\/wp-content\/uploads\/2024\/12\/FBR_images_about-us-recruting_550x367px-1024x683.jpg"},{"@type":"BreadcrumbList","@id":"https:\/\/www.francebikerentals.com\/fr\/nous-rejoindre\/#breadcrumb","itemListElement":[{"@type":"ListItem","position":1,"name":"Accueil","item":"https:\/\/www.francebikerentals.com\/"},{"@type":"ListItem","position":2,"name":"Nous rejoindre"}]},{"@type":"WebSite","@id":"https:\/\/www.francebikerentals.com\/#website","url":"https:\/\/www.francebikerentals.com\/","name":"France Bike Rental","description":"Your bike rental company","publisher":{"@id":"https:\/\/www.francebikerentals.com\/#organization"},"potentialAction":[{"@type":"SearchAction","target":{"@type":"EntryPoint","urlTemplate":"https:\/\/www.francebikerentals.com\/?s={search_term_string}"},"query-input":{"@type":"PropertyValueSpecification","valueRequired":true,"valueName":"search_term_string"}}],"inLanguage":"fr-FR"},{"@type":"Organization","@id":"https:\/\/www.francebikerentals.com\/#organization","name":"France Bike Rentals","url":"https:\/\/www.francebikerentals.com\/","logo":{"@type":"ImageObject","inLanguage":"fr-FR","@id":"https:\/\/www.francebikerentals.com\/#\/schema\/logo\/image\/","url":"https:\/\/www.francebikerentals.com\/wp-content\/uploads\/2024\/07\/cropped-FBR_icon_512x512px.png","contentUrl":"https:\/\/www.francebikerentals.com\/wp-content\/uploads\/2024\/07\/cropped-FBR_icon_512x512px.png","width":512,"height":512,"caption":"France Bike Rentals"},"image":{"@id":"https:\/\/www.francebikerentals.com\/#\/schema\/logo\/image\/"}}]}},"_links":{"self":[{"href":"https:\/\/www.francebikerentals.com\/fr\/wp-json\/wp\/v2\/pages\/5314","targetHints":{"allow":["GET"]}}],"collection":[{"href":"https:\/\/www.francebikerentals.com\/fr\/wp-json\/wp\/v2\/pages"}],"about":[{"href":"https:\/\/www.francebikerentals.com\/fr\/wp-json\/wp\/v2\/types\/page"}],"author":[{"embeddable":true,"href":"https:\/\/www.francebikerentals.com\/fr\/wp-json\/wp\/v2\/users\/5"}],"replies":[{"embeddable":true,"href":"https:\/\/www.francebikerentals.com\/fr\/wp-json\/wp\/v2\/comments?post=5314"}],"version-history":[{"count":4,"href":"https:\/\/www.francebikerentals.com\/fr\/wp-json\/wp\/v2\/pages\/5314\/revisions"}],"predecessor-version":[{"id":6204,"href":"https:\/\/www.francebikerentals.com\/fr\/wp-json\/wp\/v2\/pages\/5314\/revisions\/6204"}],"wp:attachment":[{"href":"https:\/\/www.francebikerentals.com\/fr\/wp-json\/wp\/v2\/media?parent=5314"}],"curies":[{"name":"wp","href":"https:\/\/api.w.org\/{rel}","templated":true}]}}